{"id":683,"date":"2026-02-22T18:12:53","date_gmt":"2026-02-22T18:12:53","guid":{"rendered":"https:\/\/mom.unrandom.tech\/?page_id=683"},"modified":"2026-04-26T16:56:11","modified_gmt":"2026-04-26T16:56:11","slug":"home","status":"publish","type":"page","link":"https:\/\/demo.germanpoetry.com\/de\/","title":{"rendered":"Start"},"content":{"rendered":"\n<p class=\"has-text-align-center\" style=\"font-size:28px\">Hallo &#8211; Hello! <\/p>\n\n\n\n<p class=\"has-text-align-center\" style=\"font-size:28px\">\ud83c\udde9\ud83c\uddea  Welcome to my bilingual website<\/p>\n\n\n\n<p class=\"has-text-align-center\" style=\"font-size:28px\"><em>Learn German through Poetry<\/em> \ud83c\uddfa\ud83c\uddf8<\/p>\n\n\n\n<p class=\"has-text-align-center\" style=\"font-size:28px\">\ud83d\udd06 Discover your language talents \ud83d\udd06<\/p>\n\n\n\n<p class=\"has-text-align-center\" style=\"font-size:28px\">Have fun seeing the world with the poetic eye!<\/p>\n\n\n\n<p class=\"has-text-align-center\" style=\"font-size:28px\">\u270d\ud83c\udffb<\/p>\n\n\n\n<p class=\"has-text-align-center\" style=\"font-size:28px\"><\/p>\n\n\n\n<p class=\"has-text-align-center\" style=\"font-size:28px\"><\/p>\n\n\n\n<p class=\"has-text-align-left\"><\/p>\n\n\n<style>.kb-posts-id-683_6c6a33-6b .kb-post-list-item{display:grid;}<\/style><ul class=\"wp-block-kadence-posts kb-posts kadence-posts-list kb-posts-id-683_6c6a33-6b content-wrap grid-cols kb-posts-style-boxed grid-sm-col-2 grid-lg-col-3 item-image-style-above\"><li class=\"kb-post-list-item\">\n\t<article class=\"entry content-bg loop-entry post-1150 post type-post status-publish format-standard has-post-thumbnail hentry category-friendship\">\n\t\t\t\t<a aria-hidden=\"true\" tabindex=\"-1\" role=\"presentation\" class=\"post-thumbnail kadence-thumbnail-ratio-2-3\" href=\"https:\/\/demo.germanpoetry.com\/de\/its-time-es-ist-an-der-zeit\/\" aria-label=\"It&#8217;s time &#8211; Es ist an der Zeit\">\n\t\t\t<div class=\"post-thumbnail-inner\">\n\t\t\t\t<img loading=\"lazy\" decoding=\"async\" width=\"640\" height=\"427\" src=\"https:\/\/demo.germanpoetry.com\/wp-content\/uploads\/2021\/05\/sunset-5809870_1920-768x512.jpg\" class=\"attachment-medium_large size-medium_large wp-post-image\" alt=\"It&#8217;s time &#8211; Es ist an der Zeit\" srcset=\"https:\/\/demo.germanpoetry.com\/wp-content\/uploads\/2021\/05\/sunset-5809870_1920-768x512.jpg 768w, https:\/\/demo.germanpoetry.com\/wp-content\/uploads\/2021\/05\/sunset-5809870_1920-300x200.jpg 300w, https:\/\/demo.germanpoetry.com\/wp-content\/uploads\/2021\/05\/sunset-5809870_1920-1024x683.jpg 1024w, https:\/\/demo.germanpoetry.com\/wp-content\/uploads\/2021\/05\/sunset-5809870_1920-1536x1024.jpg 1536w, https:\/\/demo.germanpoetry.com\/wp-content\/uploads\/2021\/05\/sunset-5809870_1920.jpg 1920w\" sizes=\"auto, (max-width: 640px) 100vw, 640px\" \/>\t\t\t<\/div>\n\t\t<\/a><!-- .post-thumbnail -->\n\t\t\t\t<div class=\"entry-content-wrap\">\n\t\t\t<header class=\"entry-header\">\n\t\t<div class=\"entry-taxonomies\">\n\t\t<span class=\"category-links term-links category-style-normal\">\n\t\t\t<a href=\"https:\/\/demo.germanpoetry.com\/de\/category\/friendship\/\" rel=\"category tag\">Friendship<\/a>\t\t<\/span>\n\t<\/div><!-- .entry-taxonomies -->\n\t<h2 class=\"entry-title\"><a href=\"https:\/\/demo.germanpoetry.com\/de\/its-time-es-ist-an-der-zeit\/\" rel=\"bookmark\">It&#8217;s time &#8211; Es ist an der Zeit<\/a><\/h2>\t<div class=\"entry-meta entry-meta-divider-dot\">\n\t<span class=\"posted-by\"><span class=\"meta-label\">Von<\/span><span class=\"author vcard\"><span class=\"fn n\">brigitte<\/span><\/span><\/span>\t\t\t<span class=\"posted-on\">\n\t\t\t\t<time class=\"entry-date published\" datetime=\"2026-05-09T06:06:17+00:00\">Mai 9, 2026<\/time><time class=\"updated\" datetime=\"2026-05-10T16:05:39+00:00\">Mai 10, 2026<\/time>\t\t\t<\/span>\n\t\t\t\t<\/div><!-- .entry-meta -->\n\t<\/header><!-- .entry-header -->\n\t<div class=\"entry-summary\">\n\t\t<p>The time has come for you to return back to the place that was your home for years. Why, oh [&hellip;]<\/p>\n\t<\/div><!-- .entry-summary -->\n\t<footer class=\"entry-footer\">\n\t\t\t<div class=\"entry-actions\">\n\t\t\t<p class=\"more-link-wrap\">\n\t\t\t\t<a href=\"https:\/\/demo.germanpoetry.com\/de\/its-time-es-ist-an-der-zeit\/\" class=\"post-more-link\">\n\t\t\t\t\tWeiterlesen<span class=\"screen-reader-text\"> It&#8217;s time &#8211; Es ist an der Zeit<\/span><span class=\"kadence-svg-iconset svg-baseline\"><svg aria-hidden=\"true\" class=\"kadence-svg-icon kadence-arrow-right-alt-svg\" fill=\"currentColor\" version=\"1.1\" xmlns=\"http:\/\/www.w3.org\/2000\/svg\" width=\"27\" height=\"28\" viewBox=\"0 0 27 28\"><title>Fortfahren<\/title><path d=\"M27 13.953c0 0.141-0.063 0.281-0.156 0.375l-6 5.531c-0.156 0.141-0.359 0.172-0.547 0.094-0.172-0.078-0.297-0.25-0.297-0.453v-3.5h-19.5c-0.281 0-0.5-0.219-0.5-0.5v-3c0-0.281 0.219-0.5 0.5-0.5h19.5v-3.5c0-0.203 0.109-0.375 0.297-0.453s0.391-0.047 0.547 0.078l6 5.469c0.094 0.094 0.156 0.219 0.156 0.359v0z\"><\/path>\n\t\t\t<\/svg><\/span>\t\t\t\t<\/a>\n\t\t\t<\/p>\n\t\t<\/div><!-- .entry-actions -->\n\t\t<\/footer><!-- .entry-footer -->\t\t<\/div>\n\t<\/article>\n<\/li>\n<li class=\"kb-post-list-item\">\n\t<article class=\"entry content-bg loop-entry post-1129 post type-post status-publish format-standard has-post-thumbnail hentry category-reflections\">\n\t\t\t\t<a aria-hidden=\"true\" tabindex=\"-1\" role=\"presentation\" class=\"post-thumbnail kadence-thumbnail-ratio-2-3\" href=\"https:\/\/demo.germanpoetry.com\/de\/die-welt-am-morgen-morning-world\/\" aria-label=\"Ein neuer Tag &#8211; A New Day\">\n\t\t\t<div class=\"post-thumbnail-inner\">\n\t\t\t\t<img loading=\"lazy\" decoding=\"async\" width=\"640\" height=\"248\" src=\"https:\/\/demo.germanpoetry.com\/wp-content\/uploads\/2026\/05\/myriams-fotos-sunrise-1695469_1280-e1777703831404-768x298.jpg\" class=\"attachment-medium_large size-medium_large wp-post-image\" alt=\"Ein neuer Tag &#8211; A New Day\" srcset=\"https:\/\/demo.germanpoetry.com\/wp-content\/uploads\/2026\/05\/myriams-fotos-sunrise-1695469_1280-e1777703831404-768x298.jpg 768w, https:\/\/demo.germanpoetry.com\/wp-content\/uploads\/2026\/05\/myriams-fotos-sunrise-1695469_1280-e1777703831404-300x116.jpg 300w, https:\/\/demo.germanpoetry.com\/wp-content\/uploads\/2026\/05\/myriams-fotos-sunrise-1695469_1280-e1777703831404-1024x398.jpg 1024w, https:\/\/demo.germanpoetry.com\/wp-content\/uploads\/2026\/05\/myriams-fotos-sunrise-1695469_1280-e1777703831404-18x7.jpg 18w, https:\/\/demo.germanpoetry.com\/wp-content\/uploads\/2026\/05\/myriams-fotos-sunrise-1695469_1280-e1777703831404.jpg 1280w\" sizes=\"auto, (max-width: 640px) 100vw, 640px\" \/>\t\t\t<\/div>\n\t\t<\/a><!-- .post-thumbnail -->\n\t\t\t\t<div class=\"entry-content-wrap\">\n\t\t\t<header class=\"entry-header\">\n\t\t<div class=\"entry-taxonomies\">\n\t\t<span class=\"category-links term-links category-style-normal\">\n\t\t\t<a href=\"https:\/\/demo.germanpoetry.com\/de\/category\/reflections\/\" rel=\"category tag\">Reflections<\/a>\t\t<\/span>\n\t<\/div><!-- .entry-taxonomies -->\n\t<h2 class=\"entry-title\"><a href=\"https:\/\/demo.germanpoetry.com\/de\/die-welt-am-morgen-morning-world\/\" rel=\"bookmark\">Ein neuer Tag &#8211; A New Day<\/a><\/h2>\t<div class=\"entry-meta entry-meta-divider-dot\">\n\t<span class=\"posted-by\"><span class=\"meta-label\">Von<\/span><span class=\"author vcard\"><span class=\"fn n\">brigitte<\/span><\/span><\/span>\t\t\t<span class=\"posted-on\">\n\t\t\t\t<time class=\"entry-date published\" datetime=\"2026-05-02T06:55:02+00:00\">Mai 2, 2026<\/time><time class=\"updated\" datetime=\"2026-05-07T04:53:58+00:00\">Mai 7, 2026<\/time>\t\t\t<\/span>\n\t\t\t\t<\/div><!-- .entry-meta -->\n\t<\/header><!-- .entry-header -->\n\t<div class=\"entry-summary\">\n\t\t<p>Ich trete hinein in den Morgen, hell und klar \u2013 und staune stets aufs Neue \u00fcber die Welt, die vor [&hellip;]<\/p>\n\t<\/div><!-- .entry-summary -->\n\t<footer class=\"entry-footer\">\n\t\t\t<div class=\"entry-actions\">\n\t\t\t<p class=\"more-link-wrap\">\n\t\t\t\t<a href=\"https:\/\/demo.germanpoetry.com\/de\/die-welt-am-morgen-morning-world\/\" class=\"post-more-link\">\n\t\t\t\t\tWeiterlesen<span class=\"screen-reader-text\"> Ein neuer Tag &#8211; A New Day<\/span><span class=\"kadence-svg-iconset svg-baseline\"><svg aria-hidden=\"true\" class=\"kadence-svg-icon kadence-arrow-right-alt-svg\" fill=\"currentColor\" version=\"1.1\" xmlns=\"http:\/\/www.w3.org\/2000\/svg\" width=\"27\" height=\"28\" viewBox=\"0 0 27 28\"><title>Fortfahren<\/title><path d=\"M27 13.953c0 0.141-0.063 0.281-0.156 0.375l-6 5.531c-0.156 0.141-0.359 0.172-0.547 0.094-0.172-0.078-0.297-0.25-0.297-0.453v-3.5h-19.5c-0.281 0-0.5-0.219-0.5-0.5v-3c0-0.281 0.219-0.5 0.5-0.5h19.5v-3.5c0-0.203 0.109-0.375 0.297-0.453s0.391-0.047 0.547 0.078l6 5.469c0.094 0.094 0.156 0.219 0.156 0.359v0z\"><\/path>\n\t\t\t<\/svg><\/span>\t\t\t\t<\/a>\n\t\t\t<\/p>\n\t\t<\/div><!-- .entry-actions -->\n\t\t<\/footer><!-- .entry-footer -->\t\t<\/div>\n\t<\/article>\n<\/li>\n<li class=\"kb-post-list-item\">\n\t<article class=\"entry content-bg loop-entry post-1108 post type-post status-publish format-standard has-post-thumbnail hentry category-friendship\">\n\t\t\t\t<a aria-hidden=\"true\" tabindex=\"-1\" role=\"presentation\" class=\"post-thumbnail kadence-thumbnail-ratio-2-3\" href=\"https:\/\/demo.germanpoetry.com\/de\/aufbruch-departure\/\" aria-label=\"AUFBRUCH &#8211; DEPARTURE\">\n\t\t\t<div class=\"post-thumbnail-inner\">\n\t\t\t\t<img loading=\"lazy\" decoding=\"async\" width=\"640\" height=\"427\" src=\"https:\/\/demo.germanpoetry.com\/wp-content\/uploads\/2026\/04\/kanenori-coast-6310250_1280-768x512.jpg\" class=\"attachment-medium_large size-medium_large wp-post-image\" alt=\"AUFBRUCH &#8211; DEPARTURE\" srcset=\"https:\/\/demo.germanpoetry.com\/wp-content\/uploads\/2026\/04\/kanenori-coast-6310250_1280-768x512.jpg 768w, https:\/\/demo.germanpoetry.com\/wp-content\/uploads\/2026\/04\/kanenori-coast-6310250_1280-300x200.jpg 300w, https:\/\/demo.germanpoetry.com\/wp-content\/uploads\/2026\/04\/kanenori-coast-6310250_1280-1024x682.jpg 1024w, https:\/\/demo.germanpoetry.com\/wp-content\/uploads\/2026\/04\/kanenori-coast-6310250_1280.jpg 1280w\" sizes=\"auto, (max-width: 640px) 100vw, 640px\" \/>\t\t\t<\/div>\n\t\t<\/a><!-- .post-thumbnail -->\n\t\t\t\t<div class=\"entry-content-wrap\">\n\t\t\t<header class=\"entry-header\">\n\t\t<div class=\"entry-taxonomies\">\n\t\t<span class=\"category-links term-links category-style-normal\">\n\t\t\t<a href=\"https:\/\/demo.germanpoetry.com\/de\/category\/friendship\/\" rel=\"category tag\">Friendship<\/a>\t\t<\/span>\n\t<\/div><!-- .entry-taxonomies -->\n\t<h2 class=\"entry-title\"><a href=\"https:\/\/demo.germanpoetry.com\/de\/aufbruch-departure\/\" rel=\"bookmark\">AUFBRUCH &#8211; DEPARTURE<\/a><\/h2>\t<div class=\"entry-meta entry-meta-divider-dot\">\n\t<span class=\"posted-by\"><span class=\"meta-label\">Von<\/span><span class=\"author vcard\"><span class=\"fn n\">brigitte<\/span><\/span><\/span>\t\t\t<span class=\"posted-on\">\n\t\t\t\t<time class=\"entry-date published\" datetime=\"2026-04-19T05:24:42+00:00\">April 19, 2026<\/time><time class=\"updated\" datetime=\"2026-05-06T17:07:45+00:00\">Mai 6, 2026<\/time>\t\t\t<\/span>\n\t\t\t\t<\/div><!-- .entry-meta -->\n\t<\/header><!-- .entry-header -->\n\t<div class=\"entry-summary\">\n\t\t<p>Niemand wei\u00df, wo ich im n\u00e4chsten Jahr bin,Wohin er mich f\u00fchren wird, mein unruhiger Sinn. Mein Freund, du kannst immer [&hellip;]<\/p>\n\t<\/div><!-- .entry-summary -->\n\t<footer class=\"entry-footer\">\n\t\t\t<div class=\"entry-actions\">\n\t\t\t<p class=\"more-link-wrap\">\n\t\t\t\t<a href=\"https:\/\/demo.germanpoetry.com\/de\/aufbruch-departure\/\" class=\"post-more-link\">\n\t\t\t\t\tWeiterlesen<span class=\"screen-reader-text\"> AUFBRUCH &#8211; DEPARTURE<\/span><span class=\"kadence-svg-iconset svg-baseline\"><svg aria-hidden=\"true\" class=\"kadence-svg-icon kadence-arrow-right-alt-svg\" fill=\"currentColor\" version=\"1.1\" xmlns=\"http:\/\/www.w3.org\/2000\/svg\" width=\"27\" height=\"28\" viewBox=\"0 0 27 28\"><title>Fortfahren<\/title><path d=\"M27 13.953c0 0.141-0.063 0.281-0.156 0.375l-6 5.531c-0.156 0.141-0.359 0.172-0.547 0.094-0.172-0.078-0.297-0.25-0.297-0.453v-3.5h-19.5c-0.281 0-0.5-0.219-0.5-0.5v-3c0-0.281 0.219-0.5 0.5-0.5h19.5v-3.5c0-0.203 0.109-0.375 0.297-0.453s0.391-0.047 0.547 0.078l6 5.469c0.094 0.094 0.156 0.219 0.156 0.359v0z\"><\/path>\n\t\t\t<\/svg><\/span>\t\t\t\t<\/a>\n\t\t\t<\/p>\n\t\t<\/div><!-- .entry-actions -->\n\t\t<\/footer><!-- .entry-footer -->\t\t<\/div>\n\t<\/article>\n<\/li>\n<\/ul>\n\n\n<p style=\"font-size:20px\">Go to <a href=\"https:\/\/demo.germanpoetry.com\/?page_id=675\" data-type=\"page\" data-id=\"675\"><strong><em>Blog<\/em><\/strong> <\/a> for more! Leave comments or contribute yourself &#8211; in German, English or both!<\/p>\n\n\n\n<p><\/p>\n","protected":false},"excerpt":{"rendered":"<p>Hallo &#8211; Hello! \ud83c\udde9\ud83c\uddea Welcome to my bilingual website Learn German through Poetry \ud83c\uddfa\ud83c\uddf8 \ud83d\udd06 Discover your language talents \ud83d\udd06 [&hellip;]<\/p>\n","protected":false},"author":3,"featured_media":0,"parent":0,"menu_order":0,"comment_status":"closed","ping_status":"closed","template":"","meta":{"footnotes":""},"class_list":["post-683","page","type-page","status-publish","hentry"],"_links":{"self":[{"href":"https:\/\/demo.germanpoetry.com\/de\/wp-json\/wp\/v2\/pages\/683","targetHints":{"allow":["GET"]}}],"collection":[{"href":"https:\/\/demo.germanpoetry.com\/de\/wp-json\/wp\/v2\/pages"}],"about":[{"href":"https:\/\/demo.germanpoetry.com\/de\/wp-json\/wp\/v2\/types\/page"}],"author":[{"embeddable":true,"href":"https:\/\/demo.germanpoetry.com\/de\/wp-json\/wp\/v2\/users\/3"}],"replies":[{"embeddable":true,"href":"https:\/\/demo.germanpoetry.com\/de\/wp-json\/wp\/v2\/comments?post=683"}],"version-history":[{"count":57,"href":"https:\/\/demo.germanpoetry.com\/de\/wp-json\/wp\/v2\/pages\/683\/revisions"}],"predecessor-version":[{"id":1081,"href":"https:\/\/demo.germanpoetry.com\/de\/wp-json\/wp\/v2\/pages\/683\/revisions\/1081"}],"wp:attachment":[{"href":"https:\/\/demo.germanpoetry.com\/de\/wp-json\/wp\/v2\/media?parent=683"}],"curies":[{"name":"wp","href":"https:\/\/api.w.org\/{rel}","templated":true}]}}